{"id":253,"date":"2023-12-18T12:42:04","date_gmt":"2023-12-18T12:42:04","guid":{"rendered":"https:\/\/telithosting.nl\/onderdetoren\/?page_id=253"},"modified":"2023-12-18T12:48:17","modified_gmt":"2023-12-18T12:48:17","slug":"privacyverklaring","status":"publish","type":"page","link":"https:\/\/telithosting.nl\/onderdetoren\/privacyverklaring\/","title":{"rendered":"Privacyverklaring"},"content":{"rendered":"<section class=\"wpb-content-wrapper\"><p>[vc_row row_height_percent=&#8221;0&#8243; back_color=&#8221;color-122560&#8243; overlay_alpha=&#8221;50&#8243; gutter_size=&#8221;4&#8243; column_width_percent=&#8221;100&#8243; shift_y=&#8221;0&#8243; z_index=&#8221;0&#8243; uncode_shortcode_id=&#8221;324266&#8243; back_color_type=&#8221;uncode-palette&#8221; css=&#8221;.vc_custom_1699270133817{padding-top: 100px !important;padding-bottom: 100px !important;}&#8221; el_class=&#8221;blauw_cirkel&#8221;][vc_column column_width_percent=&#8221;100&#8243; position_vertical=&#8221;middle&#8221; align_horizontal=&#8221;align_center&#8221; gutter_size=&#8221;3&#8243; style=&#8221;dark&#8221; overlay_alpha=&#8221;50&#8243; shift_x=&#8221;0&#8243; shift_y=&#8221;0&#8243; shift_y_down=&#8221;0&#8243; z_index=&#8221;0&#8243; align_medium=&#8221;align_center_tablet&#8221; medium_width=&#8221;0&#8243; align_mobile=&#8221;align_center_mobile&#8221; mobile_width=&#8221;0&#8243; width=&#8221;1\/2&#8243; uncode_shortcode_id=&#8221;162334&#8243;][vc_column_text uncode_shortcode_id=&#8221;671416&#8243;]<\/p>\n<h1 style=\"text-align: center;\">Privacyverklaring<\/h1>\n<div class=\"fl-module fl-module-rich-text fl-node-5dd7b44ce93a0\" style=\"text-align: left;\" data-node=\"5dd7b44ce93a0\">\n<div class=\"fl-module-content fl-node-content\">\n<div class=\"fl-rich-text\">\n<p style=\"text-align: left;\">Deze privacyverklaring bevat informatie over de verwerking van uw persoonsgegevens via de website\u00a0<strong>carpediem-oudgastel.nl<\/strong> van Carpe Diem. Carpe Diem is verantwoordelijk voor de verwerking van uw persoonsgegevens.<\/p>\n<p style=\"text-align: left;\">Voor ons is de bescherming van uw persoonsgegevens zeer belangrijk. Wij zullen uw persoonsgegevens altijd verwerken in overeenstemming met de geldende wet- en regelgeving, waaronder de Algemene verordening gegevensbescherming en de Telecommunicatiewet. Deze verklaring geeft aan op welke wijze en voor welke doeleinden Carpe Diem uw persoonsgegevens verzamelt en waarvoor deze gegevens worden gebruikt.<\/p>\n<h3 style=\"text-align: left;\"><strong>Uw persoonsgegevens<\/strong><\/h3>\n<p style=\"text-align: left;\">Carpe Diem zal uw persoonsgegevens niet voor een ander doeleinde verwerken dan is aangegeven in deze privacyverklaring of hiermee verenigbaar is. Uw persoonsgegevens worden niet langer bewaard dan noodzakelijk is voor de doeleinden waarvoor zij worden verkregen, tenzij een wettelijke bepaling tot bewaren verplicht.<\/p>\n<p style=\"text-align: left;\">Op de website van Carpe Diem kunt u via het contactformulier contact met ons opnemen. Hiervoor verstrekt u uw naam, e-mailadres, telefoonnummer.<\/p>\n<p style=\"text-align: left;\">Indien de verwerking is gebaseerd op uw toestemming, heeft u het recht om deze toestemming te allen tijde in te trekken. Tenzij de verwerking ook op een andere grondslag is gebaseerd, zal Carpe Diem deze verwerking stopzetten. De intrekking van uw toestemming doet echter niets af aan de rechtmatigheid van de verwerking v\u00f3\u00f3r de intrekking van uw toestemming.<\/p>\n<h3 style=\"text-align: left;\"><strong>Uw rechten<\/strong><\/h3>\n<p style=\"text-align: left;\">Omdat Carpe Diem persoonsgegevens van u verwerkt, heeft u het recht om Carpe Diem te verzoeken om inzage van en correctie of verwijdering van uw persoonlijke gegevens. U heeft daarnaast het recht om de verwerking van uw persoonsgegevens door Carpe Diem te beperken of hiertegen bezwaar te maken. U kunt Carpe Diem ook verzoeken om uw persoonsgegevens aan u over te dragen.<\/p>\n<p style=\"text-align: left;\">Binnen maximaal \u00e9\u00e9n maand zult u een reactie op uw verzoek ontvangen. Deze termijn kan met twee maanden worden verlengd, afhankelijk van het aantal verzoeken en de complexiteit hiervan. Hierover wordt u ook binnen \u00e9\u00e9n maand ge\u00efnformeerd. Mocht u het niet eens zijn met de inhoud van deze reactie, de afwijzing van uw verzoek of de verwerking van uw gegevens door Carpe Diem anderszins, dan heeft u altijd het recht om een klacht in te dienen bij de Autoriteit Persoonsgegevens.<\/p>\n<h3 style=\"text-align: left;\"><strong>Derde partijen<\/strong><\/h3>\n<p style=\"text-align: left;\">Carpe Diem zal uw persoonsgegevens niet delen met derde partijen, tenzij dit noodzakelijk is voor de uitvoering van een overeenkomst, om te voldoen aan een wettelijke verplichting, voor de behartiging van de gerechtvaardigde belangen van Carpe Diem of indien Carpe Diem uw toestemming hiervoor heeft verkregen. Carpe Diem verkoopt uw gegevens nooit aan derde partijen.<\/p>\n<p style=\"text-align: left;\">Als u het idee hebt dat uw gegevens toch niet goed beveiligd zijn of er aanwijzingen zijn van misbruik, neem dan contact op met\u00a0<a href=\"mailto:info@carpediem-oudgastel.nl\">info@carpediem-oudgastel.nl<\/a>.<\/p>\n<h3 style=\"text-align: left;\"><strong>Overige<\/strong><\/h3>\n<p style=\"text-align: left;\">Carpe Diem kan deze privacyverklaring te allen tijde wijzigen. De laatste update dateert van december 2023. Carpe Diem zal uw persoonlijke gegevens altijd verwerken in lijn met de privacyverklaring ten tijde van het verzamelen van uw gegevens.<\/p>\n<p style=\"text-align: left;\">Voor vragen over deze privacyverklaring of de verwerking van uw persoonsgegevens kunt u contact opnemen via <a href=\"mailto:info@carpediem-oudgastel.nl\">info@carpediem-oudgastel.nl<\/a><\/p>\n<\/div>\n<\/div>\n<\/div>\n<p>[\/vc_column_text][\/vc_column][\/vc_row][vc_row row_height_percent=&#8221;0&#8243; override_padding=&#8221;yes&#8221; h_padding=&#8221;2&#8243; top_padding=&#8221;0&#8243; bottom_padding=&#8221;0&#8243; back_color=&#8221;color-jevc&#8221; back_image=&#8221;213&#8243; back_attachment=&#8221;fixed&#8221; back_position=&#8221;center center&#8221; overlay_color=&#8221;color-jevc&#8221; overlay_alpha=&#8221;51&#8243; gutter_size=&#8221;3&#8243; column_width_percent=&#8221;100&#8243; shift_y=&#8221;0&#8243; z_index=&#8221;0&#8243; uncode_shortcode_id=&#8221;206118&#8243; back_color_type=&#8221;uncode-palette&#8221; overlay_color_type=&#8221;uncode-palette&#8221; css=&#8221;.vc_custom_1702134884593{padding-top: 150px !important;padding-bottom: 150px !important;}&#8221;][vc_column column_width_percent=&#8221;100&#8243; align_horizontal=&#8221;align_center&#8221; gutter_size=&#8221;2&#8243; style=&#8221;dark&#8221; overlay_alpha=&#8221;50&#8243; shift_x=&#8221;0&#8243; shift_y=&#8221;0&#8243; shift_y_down=&#8221;0&#8243; z_index=&#8221;0&#8243; medium_visibility=&#8221;yes&#8221; medium_width=&#8221;0&#8243; mobile_visibility=&#8221;yes&#8221; mobile_width=&#8221;0&#8243; width=&#8221;1\/6&#8243; uncode_shortcode_id=&#8221;122272&#8243;][\/vc_column][vc_column column_width_percent=&#8221;100&#8243; position_vertical=&#8221;middle&#8221; gutter_size=&#8221;3&#8243; overlay_alpha=&#8221;50&#8243; shift_x=&#8221;0&#8243; shift_y=&#8221;0&#8243; shift_y_down=&#8221;0&#8243; z_index=&#8221;0&#8243; medium_width=&#8221;7&#8243; mobile_width=&#8221;7&#8243; width=&#8221;4\/6&#8243; uncode_shortcode_id=&#8221;389285&#8243;][vc_row_inner row_inner_height_percent=&#8221;0&#8243; overlay_alpha=&#8221;50&#8243; gutter_size=&#8221;4&#8243; shift_y=&#8221;0&#8243; z_index=&#8221;0&#8243; limit_content=&#8221;&#8221; uncode_shortcode_id=&#8221;125501&#8243;][vc_column_inner width=&#8221;1\/3&#8243;][vc_single_image media=&#8221;54&#8243; media_width_use_pixel=&#8221;yes&#8221; alignment=&#8221;center&#8221; uncode_shortcode_id=&#8221;173163&#8243; media_width_pixel=&#8221;200&#8243;][\/vc_column_inner][vc_column_inner column_width_percent=&#8221;100&#8243; position_vertical=&#8221;middle&#8221; gutter_size=&#8221;3&#8243; style=&#8221;dark&#8221; overlay_alpha=&#8221;50&#8243; shift_x=&#8221;0&#8243; shift_y=&#8221;0&#8243; shift_y_down=&#8221;0&#8243; z_index=&#8221;0&#8243; medium_width=&#8221;0&#8243; align_mobile=&#8221;align_center_mobile&#8221; mobile_width=&#8221;0&#8243; width=&#8221;2\/3&#8243; uncode_shortcode_id=&#8221;934351&#8243;][vc_column_text uncode_shortcode_id=&#8221;585357&#8243; el_class=&#8221;footer&#8221;]<\/p>\n<h2>Restaurant Carpe Diem<\/h2>\n<p>Heeft u een vraag? Neem gerust contact met ons op via onderstaande contactgegevens.<\/p>\n<p>Kerkstraat 2 | 4751 HN Oud Gastel <a class=\"wittelink\" href=\"https:\/\/maps.app.goo.gl\/bqsoWdvcWDMGR72E8\" target=\"_blank\" rel=\"noopener\"><span style=\"color: white;\"><u>(Google Maps)<\/u><\/span><\/a><br \/>\n<a class=\"wittelink\" href=\"mailto:info@carpediem-oudgastel.nl\"><span style=\"color: white;\"><u>info@carpediem-oudgastel.nl<\/u><\/span><\/a>[\/vc_column_text][\/vc_column_inner][\/vc_row_inner][\/vc_column][vc_column column_width_percent=&#8221;100&#8243; gutter_size=&#8221;3&#8243; overlay_alpha=&#8221;50&#8243; shift_x=&#8221;0&#8243; shift_y=&#8221;0&#8243; shift_y_down=&#8221;0&#8243; z_index=&#8221;0&#8243; medium_visibility=&#8221;yes&#8221; medium_width=&#8221;0&#8243; mobile_visibility=&#8221;yes&#8221; mobile_width=&#8221;0&#8243; width=&#8221;1\/6&#8243; uncode_shortcode_id=&#8221;147083&#8243;][\/vc_column][\/vc_row]<\/p>\n<\/section>","protected":false},"excerpt":{"rendered":"<p>[vc_row row_height_percent=&#8221;0&#8243; back_color=&#8221;color-122560&#8243; overlay_alpha=&#8221;50&#8243; gutter_size=&#8221;4&#8243; column_width_percent=&#8221;100&#8243; shift_y=&#8221;0&#8243; z_index=&#8221;0&#8243; uncode_shortcode_id=&#8221;324266&#8243; back_color_type=&#8221;uncode-palette&#8221; css=&#8221;.vc_custom_1699270133817{padding-top: 100px !important;padding-bottom: 100px !important;}&#8221; el_class=&#8221;blauw_cirkel&#8221;][vc_column column_width_percent=&#8221;100&#8243; position_vertical=&#8221;middle&#8221; align_horizontal=&#8221;align_center&#8221; gutter_size=&#8221;3&#8243; [&hellip;]<\/p>\n","protected":false},"author":3,"featured_media":0,"parent":0,"menu_order":0,"comment_status":"closed","ping_status":"closed","template":"","meta":{"footnotes":""},"class_list":["post-253","page","type-page","status-publish","hentry"],"yoast_head":"<!-- This site is optimized with the Yoast SEO plugin v21.5 - https:\/\/yoast.com\/wordpress\/plugins\/seo\/ -->\n<title>Privacyverklaring - Onder de Toren | Oud Gastel<\/title>\n<meta name=\"robots\" content=\"index, follow, max-snippet:-1, max-image-preview:large, max-video-preview:-1\" \/>\n<link rel=\"canonical\" href=\"https:\/\/telithosting.nl\/onderdetoren\/privacyverklaring\/\" \/>\n<meta property=\"og:locale\" content=\"nl_NL\" \/>\n<meta property=\"og:type\" content=\"article\" \/>\n<meta property=\"og:title\" content=\"Privacyverklaring - Onder de Toren | Oud Gastel\" \/>\n<meta property=\"og:description\" content=\"[vc_row row_height_percent=&#8221;0&#8243; back_color=&#8221;color-122560&#8243; overlay_alpha=&#8221;50&#8243; gutter_size=&#8221;4&#8243; column_width_percent=&#8221;100&#8243; shift_y=&#8221;0&#8243; z_index=&#8221;0&#8243; uncode_shortcode_id=&#8221;324266&#8243; back_color_type=&#8221;uncode-palette&#8221; css=&#8221;.vc_custom_1699270133817{padding-top: 100px !important;padding-bottom: 100px !important;}&#8221; el_class=&#8221;blauw_cirkel&#8221;][vc_column column_width_percent=&#8221;100&#8243; position_vertical=&#8221;middle&#8221; align_horizontal=&#8221;align_center&#8221; gutter_size=&#8221;3&#8243; [&hellip;]\" \/>\n<meta property=\"og:url\" content=\"https:\/\/telithosting.nl\/onderdetoren\/privacyverklaring\/\" \/>\n<meta property=\"og:site_name\" content=\"Onder de Toren | Oud Gastel\" \/>\n<meta property=\"article:modified_time\" content=\"2023-12-18T12:48:17+00:00\" \/>\n<meta name=\"twitter:card\" content=\"summary_large_image\" \/>\n<meta name=\"twitter:label1\" content=\"Geschatte leestijd\" \/>\n\t<meta name=\"twitter:data1\" content=\"2 minuten\" \/>\n<script type=\"application\/ld+json\" class=\"yoast-schema-graph\">{\"@context\":\"https:\/\/schema.org\",\"@graph\":[{\"@type\":\"WebPage\",\"@id\":\"https:\/\/telithosting.nl\/onderdetoren\/privacyverklaring\/\",\"url\":\"https:\/\/telithosting.nl\/onderdetoren\/privacyverklaring\/\",\"name\":\"Privacyverklaring - Onder de Toren | Oud Gastel\",\"isPartOf\":{\"@id\":\"https:\/\/telithosting.nl\/onderdetoren\/#website\"},\"datePublished\":\"2023-12-18T12:42:04+00:00\",\"dateModified\":\"2023-12-18T12:48:17+00:00\",\"breadcrumb\":{\"@id\":\"https:\/\/telithosting.nl\/onderdetoren\/privacyverklaring\/#breadcrumb\"},\"inLanguage\":\"nl-NL\",\"potentialAction\":[{\"@type\":\"ReadAction\",\"target\":[\"https:\/\/telithosting.nl\/onderdetoren\/privacyverklaring\/\"]}]},{\"@type\":\"BreadcrumbList\",\"@id\":\"https:\/\/telithosting.nl\/onderdetoren\/privacyverklaring\/#breadcrumb\",\"itemListElement\":[{\"@type\":\"ListItem\",\"position\":1,\"name\":\"Home\",\"item\":\"https:\/\/telithosting.nl\/onderdetoren\/\"},{\"@type\":\"ListItem\",\"position\":2,\"name\":\"Privacyverklaring\"}]},{\"@type\":\"WebSite\",\"@id\":\"https:\/\/telithosting.nl\/onderdetoren\/#website\",\"url\":\"https:\/\/telithosting.nl\/onderdetoren\/\",\"name\":\"Onder de Toren | Oud Gastel\",\"description\":\"\",\"potentialAction\":[{\"@type\":\"SearchAction\",\"target\":{\"@type\":\"EntryPoint\",\"urlTemplate\":\"https:\/\/telithosting.nl\/onderdetoren\/?s={search_term_string}\"},\"query-input\":\"required name=search_term_string\"}],\"inLanguage\":\"nl-NL\"}]}<\/script>\n<!-- \/ Yoast SEO plugin. -->","yoast_head_json":{"title":"Privacyverklaring - Onder de Toren | Oud Gastel","robots":{"index":"index","follow":"follow","max-snippet":"max-snippet:-1","max-image-preview":"max-image-preview:large","max-video-preview":"max-video-preview:-1"},"canonical":"https:\/\/telithosting.nl\/onderdetoren\/privacyverklaring\/","og_locale":"nl_NL","og_type":"article","og_title":"Privacyverklaring - Onder de Toren | Oud Gastel","og_description":"[vc_row row_height_percent=&#8221;0&#8243; back_color=&#8221;color-122560&#8243; overlay_alpha=&#8221;50&#8243; gutter_size=&#8221;4&#8243; column_width_percent=&#8221;100&#8243; shift_y=&#8221;0&#8243; z_index=&#8221;0&#8243; uncode_shortcode_id=&#8221;324266&#8243; back_color_type=&#8221;uncode-palette&#8221; css=&#8221;.vc_custom_1699270133817{padding-top: 100px !important;padding-bottom: 100px !important;}&#8221; el_class=&#8221;blauw_cirkel&#8221;][vc_column column_width_percent=&#8221;100&#8243; position_vertical=&#8221;middle&#8221; align_horizontal=&#8221;align_center&#8221; gutter_size=&#8221;3&#8243; [&hellip;]","og_url":"https:\/\/telithosting.nl\/onderdetoren\/privacyverklaring\/","og_site_name":"Onder de Toren | Oud Gastel","article_modified_time":"2023-12-18T12:48:17+00:00","twitter_card":"summary_large_image","twitter_misc":{"Geschatte leestijd":"2 minuten"},"schema":{"@context":"https:\/\/schema.org","@graph":[{"@type":"WebPage","@id":"https:\/\/telithosting.nl\/onderdetoren\/privacyverklaring\/","url":"https:\/\/telithosting.nl\/onderdetoren\/privacyverklaring\/","name":"Privacyverklaring - Onder de Toren | Oud Gastel","isPartOf":{"@id":"https:\/\/telithosting.nl\/onderdetoren\/#website"},"datePublished":"2023-12-18T12:42:04+00:00","dateModified":"2023-12-18T12:48:17+00:00","breadcrumb":{"@id":"https:\/\/telithosting.nl\/onderdetoren\/privacyverklaring\/#breadcrumb"},"inLanguage":"nl-NL","potentialAction":[{"@type":"ReadAction","target":["https:\/\/telithosting.nl\/onderdetoren\/privacyverklaring\/"]}]},{"@type":"BreadcrumbList","@id":"https:\/\/telithosting.nl\/onderdetoren\/privacyverklaring\/#breadcrumb","itemListElement":[{"@type":"ListItem","position":1,"name":"Home","item":"https:\/\/telithosting.nl\/onderdetoren\/"},{"@type":"ListItem","position":2,"name":"Privacyverklaring"}]},{"@type":"WebSite","@id":"https:\/\/telithosting.nl\/onderdetoren\/#website","url":"https:\/\/telithosting.nl\/onderdetoren\/","name":"Onder de Toren | Oud Gastel","description":"","potentialAction":[{"@type":"SearchAction","target":{"@type":"EntryPoint","urlTemplate":"https:\/\/telithosting.nl\/onderdetoren\/?s={search_term_string}"},"query-input":"required name=search_term_string"}],"inLanguage":"nl-NL"}]}},"_links":{"self":[{"href":"https:\/\/telithosting.nl\/onderdetoren\/wp-json\/wp\/v2\/pages\/253","targetHints":{"allow":["GET"]}}],"collection":[{"href":"https:\/\/telithosting.nl\/onderdetoren\/wp-json\/wp\/v2\/pages"}],"about":[{"href":"https:\/\/telithosting.nl\/onderdetoren\/wp-json\/wp\/v2\/types\/page"}],"author":[{"embeddable":true,"href":"https:\/\/telithosting.nl\/onderdetoren\/wp-json\/wp\/v2\/users\/3"}],"replies":[{"embeddable":true,"href":"https:\/\/telithosting.nl\/onderdetoren\/wp-json\/wp\/v2\/comments?post=253"}],"version-history":[{"count":2,"href":"https:\/\/telithosting.nl\/onderdetoren\/wp-json\/wp\/v2\/pages\/253\/revisions"}],"predecessor-version":[{"id":255,"href":"https:\/\/telithosting.nl\/onderdetoren\/wp-json\/wp\/v2\/pages\/253\/revisions\/255"}],"wp:attachment":[{"href":"https:\/\/telithosting.nl\/onderdetoren\/wp-json\/wp\/v2\/media?parent=253"}],"curies":[{"name":"wp","href":"https:\/\/api.w.org\/{rel}","templated":true}]}}